{"id":1450,"date":"2025-08-28T08:22:17","date_gmt":"2025-08-28T08:22:17","guid":{"rendered":"https:\/\/electarist.com\/?page_id=1450"},"modified":"2025-08-28T10:52:16","modified_gmt":"2025-08-28T10:52:16","slug":"contactar-nos","status":"publish","type":"page","link":"https:\/\/electarist.com\/?page_id=1450","title":{"rendered":"Contactar-nos"},"content":{"rendered":"<p>Este site \u00e9 propriedade da Electarist Ltda. Nosso objetivo \u00e9 fornecer informa\u00e7\u00f5es relevantes e \u00fateis aos nossos usu\u00e1rios.<\/p>\n<p>Raz\u00e3o Social: Electarist Ltda.<br \/>\nSede: St. de Habita\u00e7\u00f5es Individuais Geminadas Sul 703 BL B &#8211; Asa Sul, Bras\u00edlia &#8211; DF, 70331-700, Brasil<br \/>\nCorreio eletr\u00f3nico: <a href=\"mailto:info@electarist.com\">info@electarist.com<\/a><br \/>\nTelefone: <a href=\"tel:+5561995111639\">+5561995111639<\/a><br \/>\nDiretora Geral: Mariana Oliveira Costa<br \/>\nN\u00famero de registro: 05.004.725\/0741-73)<br \/>\nNome da autoridade de registro: Caio Araujo Advocacia<br \/>\nEndere\u00e7o da autoridade de registro: Asa Norte SQN 303 BL F &#8211; Asa Norte, Bras\u00edlia &#8211; DF, 70735-060, Brasil<\/p>\n<p><b>Responsabilidade pelo conte\u00fado:<\/b><\/p>\n<p>N\u00e3o somos respons\u00e1veis pelo conte\u00fado das liga\u00e7\u00f5es a s\u00edtios Web de terceiros que possam estar dispon\u00edveis no nosso s\u00edtio Web. Toda a responsabilidade pelo conte\u00fado dessas hiperliga\u00e7\u00f5es recai sobre os respetivos propriet\u00e1rios. N\u00e3o nos responsabilizamos por quaisquer danos, diretos ou indiretos, decorrentes da utiliza\u00e7\u00e3o das informa\u00e7\u00f5es fornecidas no nosso s\u00edtio.<\/p>\n<p><b>Direitos de autor:<\/b><\/p>\n<p>Todo o material do nosso s\u00edtio Web, incluindo texto, imagens, gr\u00e1ficos, design e software, est\u00e1 protegido por direitos de autor. A sua utiliza\u00e7\u00e3o ou distribui\u00e7\u00e3o sem a autoriza\u00e7\u00e3o do detentor dos direitos de autor \u00e9 proibida.<\/p>\n<p><b>Informa\u00e7\u00f5es de contato:<\/b><\/p>\n<p>Se tiver quaisquer quest\u00f5es ou coment\u00e1rios sobre o nosso s\u00edtio Web ou a nossa empresa, contacte-nos utilizando as informa\u00e7\u00f5es de contacto indicadas acima.<\/p>\n<p><b>Pol\u00edtica de privacidade:<\/b><\/p>\n<p>Respeitamos a sua privacidade e protegemos as suas informa\u00e7\u00f5es pessoais. Para mais informa\u00e7\u00f5es, consulte a nossa pol\u00edtica de privacidade.<\/p>\n","protected":false},"excerpt":{"rendered":"<p>Este site \u00e9 propriedade da Electarist Ltda. Nosso objetivo \u00e9 fornecer informa\u00e7\u00f5es relevantes e \u00fateis aos nossos usu\u00e1rios. Raz\u00e3o Social: Electarist Ltda. Sede: St. de Habita\u00e7\u00f5es Individuais Geminadas Sul 703&hellip;<\/p>\n","protected":false},"author":1,"featured_media":0,"parent":0,"menu_order":0,"comment_status":"closed","ping_status":"closed","template":"","meta":{"footnotes":""},"class_list":["post-1450","page","type-page","status-publish","hentry"],"_links":{"self":[{"href":"https:\/\/electarist.com\/index.php?rest_route=\/wp\/v2\/pages\/1450","targetHints":{"allow":["GET"]}}],"collection":[{"href":"https:\/\/electarist.com\/index.php?rest_route=\/wp\/v2\/pages"}],"about":[{"href":"https:\/\/electarist.com\/index.php?rest_route=\/wp\/v2\/types\/page"}],"author":[{"embeddable":true,"href":"https:\/\/electarist.com\/index.php?rest_route=\/wp\/v2\/users\/1"}],"replies":[{"embeddable":true,"href":"https:\/\/electarist.com\/index.php?rest_route=%2Fwp%2Fv2%2Fcomments&post=1450"}],"version-history":[{"count":2,"href":"https:\/\/electarist.com\/index.php?rest_route=\/wp\/v2\/pages\/1450\/revisions"}],"predecessor-version":[{"id":1542,"href":"https:\/\/electarist.com\/index.php?rest_route=\/wp\/v2\/pages\/1450\/revisions\/1542"}],"wp:attachment":[{"href":"https:\/\/electarist.com\/index.php?rest_route=%2Fwp%2Fv2%2Fmedia&parent=1450"}],"curies":[{"name":"wp","href":"https:\/\/api.w.org\/{rel}","templated":true}]}}